{"id":31,"date":"2022-11-24T14:46:00","date_gmt":"2022-11-24T14:46:00","guid":{"rendered":"https:\/\/www.ra-nortmann.de\/?page_id=31"},"modified":"2024-07-03T12:27:34","modified_gmt":"2024-07-03T12:27:34","slug":"startseite","status":"publish","type":"page","link":"https:\/\/www.ra-nortmann.de\/","title":{"rendered":"Startseite"},"content":{"rendered":"\n  \n    \n    <section class=\"u-align-center u-clearfix u-image u-section-2\" id=\"carousel_1eeb\" data-image-width=\"1600\" data-image-height=\"1200\" style=\"background-image: url(&quot;https:\/\/www.ra-nortmann.de\/wp-content\/uploads\/2022\/11\/K1600_20221117_103702.jpg&quot;);\">\n      <div class=\"u-clearfix u-sheet u-sheet-1\">\n        <div class=\"u-align-center u-container-style u-group u-opacity u-opacity-80 u-palette-1-base u-radius-5 u-shape-round u-group-1\" data-animation-name=\"customAnimationIn\" data-animation-duration=\"1000\">\n          <div class=\"u-container-layout u-container-layout-1\">\n            <h3 class=\"u-custom-font u-font-oswald u-text u-text-1\"> Rechtsanw\u00e4ltin Ulrike Nortmann<\/h3>\n            <h2 class=\"u-custom-font u-font-oswald u-text u-text-2\">Fachanw\u00e4ltin f\u00fcr Familienrecht<\/h2>\n            <a href=\"https:\/\/www.ra-nortmann.de\/?page_id=28\" class=\"u-border-2 u-border-white u-btn u-btn-round u-button-style u-custom-font u-font-oswald u-hover-black u-none u-radius-5 u-text-hover-white u-btn-1\">Rechtsgebiete<\/a>\n            <a href=\"https:\/\/www.ra-nortmann.de\/?page_id=31#sec-5dc3\" class=\"u-border-2 u-border-white u-btn u-btn-round u-button-style u-custom-font u-font-oswald u-hover-black u-none u-radius-5 u-text-hover-white u-btn-2\">Kontaktaufnahme<\/a>\n          <\/div>\n        <\/div>\n      <\/div>\n    <\/section>\n    <section class=\"u-clearfix u-section-3\" id=\"carousel_e7bc\">\n      <div class=\"u-clearfix u-sheet u-sheet-1\">\n        <div class=\"u-clearfix u-expanded-width u-layout-wrap u-layout-wrap-1\">\n          <div class=\"u-layout\">\n            <div class=\"u-layout-row\">\n              <div class=\"u-container-style u-layout-cell u-size-24-xl u-size-26-lg u-size-29-md u-size-29-sm u-size-29-xs u-layout-cell-1\">\n                <div class=\"u-container-layout u-container-layout-1\">\n                  <h6 class=\"u-custom-font u-font-oswald u-text u-text-palette-1-base u-text-1\"> Rechtsanw\u00e4ltin Ulrike Nortmann<\/h6>\n                  <h1 class=\"u-custom-font u-font-oswald u-text u-text-2\" data-animation-name=\"customAnimationIn\" data-animation-duration=\"1000\" data-animation-direction=\"\">Herzlich Willkommen<\/h1>\n                <\/div>\n              <\/div>\n              <div class=\"u-container-style u-layout-cell u-size-31-md u-size-31-sm u-size-31-xs u-size-34-lg u-size-36-xl u-layout-cell-2\">\n                <div class=\"u-container-layout u-valign-top u-container-layout-2\">\n                  <p class=\"u-custom-font u-font-oswald u-text u-text-default u-text-3\" data-animation-out=\"0\" data-animation-name=\"customAnimationIn\" data-animation-duration=\"1000\" data-animation-delay=\"500\">\n                    <span style=\"font-weight: 700;\"><\/span>Herzlich willkommen bei Ihrer Rechtsanw\u00e4ltin Ulrike Nortmann in Werlte. Ich freue mich, dass Sie auf mich aufmerksam geworden sind.<br>Ich habe es mir zur Aufgabe gemacht, Ihnen zu Ihrem guten Recht zu verhelfen. Vom ersten Informationsgespr\u00e4ch, \u00fcber Ihre au\u00dfergerichtliche Interessenvertretung bis hin zu gerichtlichen Verfahren werde ich f\u00fcr Sie da sein.<br>\n                    <br>Selbstverst\u00e4ndlich besprechen wir das Vorgehen vorher gemeinsam ausf\u00fchrlich in meiner Kanzlei.<br>Lernen Sie mich und meine Spezialgebiete auf den folgenden Seiten etwas genauer kennen und z\u00f6gern Sie nicht, mich anzurufen, wenn Sie Fragen haben.<br>\n                  <\/p>\n                <\/div>\n              <\/div>\n            <\/div>\n          <\/div>\n        <\/div>\n      <\/div>\n    <\/section>\n    <section class=\"u-align-center u-clearfix u-grey-80 u-section-4\" id=\"sec-1a70\">\n      <div class=\"u-clearfix u-sheet u-sheet-1\">\n        <h2 class=\"u-custom-font u-font-oswald u-text u-text-default u-text-1\" data-animation-name=\"fadeIn\" data-animation-duration=\"2000\" data-animation-direction=\"\"> Sie ben\u00f6tigen rechtlichen Beistand? Vereinbaren Sie jetzt einen telefonischen Termin.<\/h2>\n        <a href=\"https:\/\/www.ra-nortmann.de\/?page_id=31#sec-5dc3\" class=\"u-border-2 u-border-white u-btn u-button-style u-custom-font u-font-oswald u-hover-white u-none u-text-body-alt-color u-text-hover-black u-btn-1\">Termin Vereinbaren<\/a>\n      <\/div>\n    <\/section>\n    <section class=\"u-clearfix u-grey-5 u-section-5\" id=\"sec-84ab\">\n      <div class=\"u-clearfix u-sheet u-valign-middle-md u-valign-middle-sm u-valign-middle-xs u-sheet-1\">\n        <div class=\"u-clearfix u-expanded-width u-gutter-40 u-layout-wrap u-layout-wrap-1\">\n          <div class=\"u-layout\">\n            <div class=\"u-layout-row\">\n              <div class=\"u-container-style u-layout-cell u-size-30 u-layout-cell-1\">\n                <div class=\"u-container-layout u-container-layout-1\">\n                  <h6 class=\"u-custom-font u-font-oswald u-text u-text-palette-1-base u-text-1\"> Rechtsanw\u00e4ltin Ulrike Nortmann<\/h6>\n                  <h2 class=\"u-custom-font u-font-oswald u-text u-text-2\">\u00dcber uns<\/h2>\n                  <p class=\"u-custom-font u-font-oswald u-large-text u-text u-text-variant u-text-3\" data-animation-name=\"customAnimationIn\" data-animation-duration=\"1000\"> In meiner langj\u00e4hrigen beruflichen T\u00e4tigkeit habe ich es mir zur Aufgabe gemacht, die Interessen meiner Mandanten engagiert und nachdr\u00fccklich zu vertreten.\nIch verf\u00fcge in den von mir vertretenen Rechtsgebieten \u00fcber den aktuellen Kenntnisstand und ich bilde mich regelm\u00e4\u00dfig fort, um Ihre Rechte optimal zu vertreten. <br>\n                    <br>Ebenso wichtig ist es mir, dass Sie das Gef\u00fchl haben, von mir stets mit vollem Einsatz vertreten zu werden. Um dies zu gew\u00e4hrleisten, nehme ich mir f\u00fcr Sie ausreichend Zeit, gleich ob es sich um eine Beratung oder eine au\u00dfergerichtliche bzw. gerichtliche Interessenvertretung handelt. <br>\n                  <\/p>\n                <\/div>\n              <\/div>\n              <div class=\"u-container-style u-layout-cell u-size-30 u-layout-cell-2\">\n                <div class=\"u-container-layout u-container-layout-2\">\n                  <img decoding=\"async\" class=\"u-expanded-width u-image u-image-default u-image-1\" src=\"https:\/\/www.ra-nortmann.de\/wp-content\/uploads\/2022\/11\/K1600_20221114_121629.jpg\" alt=\"\" data-image-width=\"1600\" data-image-height=\"1200\" data-animation-name=\"customAnimationIn\" data-animation-duration=\"1000\">\n                  <p class=\"u-custom-font u-font-oswald u-large-text u-text u-text-variant u-text-4\" data-animation-name=\"customAnimationIn\" data-animation-duration=\"1000\">Kontaktieren Sie mich einfach telefonisch. Ich werde mich Ihrer Problemstellung annehmen. <br>\n                    <br>Ich freue mich, Sie bald pers\u00f6nlich in meiner Kanzlei begr\u00fc\u00dfen zu d\u00fcrfen. Nehmen Sie gerne Kontakt zu mir auf!<br>\n                  <\/p>\n                  <a href=\"https:\/\/www.ra-nortmann.de\/?page_id=31#sec-5dc3\" class=\"u-black u-border-2 u-border-white u-btn u-button-style u-custom-font u-font-oswald u-hover-white u-text-body-alt-color u-text-hover-black u-btn-1\" data-animation-name=\"customAnimationIn\" data-animation-duration=\"1000\">Termin Vereinbaren<\/a>\n                <\/div>\n              <\/div>\n            <\/div>\n          <\/div>\n        <\/div>\n      <\/div>\n    <\/section>\n    <section class=\"skrollable u-clearfix u-image u-parallax u-section-6\" id=\"sec-5dc3\" data-image-width=\"1200\" data-image-height=\"1600\" style=\"background-image: url(&quot;https:\/\/www.ra-nortmann.de\/wp-content\/uploads\/2022\/11\/K1600_20221114_122353.jpg&quot;);\">\n      <div class=\"u-clearfix u-sheet u-sheet-1\">\n        <div class=\"u-container-style u-group u-opacity u-opacity-90 u-palette-1-base u-shape-rectangle u-group-1\">\n          <div class=\"u-container-layout u-valign-middle u-container-layout-1\">\n            <h1 class=\"u-text u-text-1\">Sie haben Fragen zur spezifischen rechtlichen Lage in Ihrem Fall?&nbsp;<br>\n              <br>Ich berate Sie gerne umfassend und kompetent in meiner Kanzlei in Werlte!&nbsp;<br>\n              <br>Nehmen Sie noch heute Kontakt mit uns auf. \n            <\/h1>\n          <\/div>\n        <\/div>\n      <\/div>\n    <\/section>\n    <section class=\"u-align-center u-clearfix u-section-7\" id=\"carousel_b2fa\">\n      <div class=\"u-clearfix u-sheet u-valign-middle u-sheet-1\">\n        <div class=\"data-layout-selected u-clearfix u-expanded-width u-gutter-0 u-layout-wrap u-layout-wrap-1\">\n          <div class=\"u-layout\">\n            <div class=\"u-layout-row\">\n              <div class=\"u-align-left u-container-style u-grey-5 u-layout-cell u-size-30 u-layout-cell-1\">\n                <div class=\"u-container-layout u-valign-top u-container-layout-1\">\n                  <div class=\"u-form u-white u-form-1\">\n                            <script>\n            function onSuccess(event) {\n                if (typeof window.serviceRequest !== 'undefined') {\n                    window.serviceRequest(jQuery(this).find('form'));\n                }\n                var msgContainer = jQuery(event.currentTarget).find('.wpcf7-response-output');\n                msgContainer.removeClass('u-form-send-error').addClass('u-form-send-message u-form-send-success');\n                msgContainer.show();\n                var redirectAddress = jQuery(event.currentTarget).find('[redirect-address]').attr('redirect-address');\n                if (redirectAddress) {\n                    setTimeout(function () {\n                        location.replace(redirectAddress);\n                    }, 2000);\n                }\n            }\n            function onError(event) {\n                var msgContainer = jQuery(event.currentTarget).find('.wpcf7-response-output');\n                msgContainer.removeClass('u-form-send-success').addClass('u-form-send-message u-form-send-error');\n                msgContainer.show();\n            }\n\n            jQuery('body')\n                .on('wpcf7mailsent',   '.u-form .wpcf7', onSuccess)\n                .on('wpcf7invalid',    '.u-form .wpcf7', onError)\n                .on('wpcf7:unaccepted', '.u-form .wpcf7', onError)\n                .on('wpcf7spam',       '.u-form .wpcf7', onError)\n                .on('wpcf7:aborted',    '.u-form .wpcf7', onError)\n                .on('wpcf7mailfailed', '.u-form .wpcf7', onError);\n        <\/script>\n        <style>\n            .u-form .wpcf7-response-output {\n                \/*position: relative !important;*\/\n                margin: 0 !important;\n                bottom: -70px!important;\n            }\n            .u-form .wpcf7 .ajax-loader {\n                margin-left: -24px;\n                margin-right: 0;\n            }\n        <\/style>\n\n<div class=\"wpcf7 no-js\" id=\"wpcf7-f42-o1\" lang=\"de-DE\" dir=\"ltr\" data-wpcf7-id=\"42\">\n<div class=\"screen-reader-response\"><p role=\"status\" aria-live=\"polite\" aria-atomic=\"true\"><\/p> <ul><\/ul><\/div>\n<form style=\"padding: 10px;\" action=\"\/index.php?rest_route=%2Fwp%2Fv2%2Fpages%2F31#wpcf7-f42-o1\" method=\"post\" class=\"wpcf7-form init u-clearfix u-form-spacing-30 u-form-vertical u-inner-form u-form-custom-backend\" aria-label=\"Kontaktformular\" novalidate=\"novalidate\" data-status=\"init\">\n<fieldset class=\"hidden-fields-container\"><input type=\"hidden\" name=\"_wpcf7\" value=\"42\" \/><input type=\"hidden\" name=\"_wpcf7_version\" value=\"6.1.3\" \/><input type=\"hidden\" name=\"_wpcf7_locale\" value=\"de_DE\" \/><input type=\"hidden\" name=\"_wpcf7_unit_tag\" value=\"wpcf7-f42-o1\" \/><input type=\"hidden\" name=\"_wpcf7_container_post\" value=\"0\" \/><input type=\"hidden\" name=\"_wpcf7_posted_data_hash\" value=\"\" \/>\n<\/fieldset>\n\n                      <div class=\"u-form-group wpcf7-form-control-wrap u-form-name u-label-top\">\n                        <label for=\"name-2ee9\" class=\"u-label\">Name<\/label>\n                        <input type=\"text\" placeholder=\"Bitte geben Sie Ihren Namen ein\" id=\"name-2ee9\" name=\"name1\" class=\"u-grey-5 u-input wpcf7-form-control u-input-rectangle u-input-1\" required=\"\" style=\"background-image: url(&quot;data:image\/png;base64,iVBORw0KGgoAAAANSUhEUgAAABAAAAASCAYAAABSO15qAAAAAXNSR0IArs4c6QAAAPhJREFUOBHlU70KgzAQPlMhEvoQTg6OPoOjT+JWOnRqkUKHgqWP4OQbOPokTk6OTkVULNSLVc62oJmbIdzd95NcuGjX2\/3YVI\/Ts+t0WLE2ut5xsQ0O+90F6UxFjAI8qNcEGONia08e6MNONYwCS7EQAizLmtGUDEzTBNd1fxsYhjEBnHPQNG3KKTYV34F8ec\/zwHEciOMYyrIE3\/ehKAqIoggo9inGXKmFXwbyBkmSQJqmUNe15IRhCG3byphitm1\/eUzDM4qR0TTNjEixGdAnSi3keS5vSk2UDKqqgizLqB4YzvassiKhGtZ\/jDMtLOnHz7TE+yf8BaDZXA509yeBAAAAAElFTkSuQmCC&quot;);\">\n                        <div style=\"position: relative !important; height: 0px; width: 0px; float: left !important;\"><\/div>\n                      <\/div>\n                      <div class=\"u-form-email u-form-group wpcf7-form-control-wrap u-label-top\">\n                        <label for=\"email-2ee9\" class=\"u-label\">Email<\/label>\n                        <input type=\"email\" placeholder=\"Bitte geben Sie Ihre E-Mail Adresse ein\" id=\"email-2ee9\" name=\"email\" class=\"u-grey-5 u-input wpcf7-form-control u-input-rectangle\" required=\"\">\n                      <\/div>\n                      <div class=\"u-form-group wpcf7-form-control-wrap u-form-phone u-label-top u-form-group wpcf7-form-control-wrap-3\">\n                        <label for=\"phone-c04e\" class=\"u-label\">Telefonnummer<\/label>\n                        <input type=\"tel\" pattern=\"+?d{0,3}[s(-]?([0-9]{2,3})[s)-]?([s-]?)([0-9]{3})[s-]?([0-9]{2})[s-]?([0-9]{2})\" placeholder=\"Geben Sie Ihr R\u00fcckrufnummer ein\" id=\"phone-c04e\" name=\"phone\" class=\"u-grey-5 u-input wpcf7-form-control u-input-rectangle\">\n                      <\/div>\n                      <div class=\"u-form-group wpcf7-form-control-wrap u-form-message u-label-top\">\n                        <label for=\"message-2ee9\" class=\"u-label\">Nachricht<\/label>\n                        <textarea placeholder=\"Ihre Nachricht an uns\" rows=\"4\" cols=\"50\" id=\"message-2ee9\" name=\"message\" class=\"u-grey-5 u-input wpcf7-form-control u-input-rectangle\" required=\"\"><\/textarea>\n                      <\/div>\n                      <p class=\"u-form-group wpcf7-form-control-wrap u-form-text u-label-top u-text u-text-1\">\n                        <a href=\"https:\/\/www.ra-nortmann.de\/?page_id=30\" class=\"u-active-none u-border-none u-btn u-button-link u-button-style u-hover-none u-none u-text-palette-1-base u-btn-1\" target=\"_blank\"> Zu unseren Datenschutzbestimmungen<\/a>\n                      <\/p>\n                      <div class=\"u-form-group wpcf7-form-control-wrap u-form-select u-label-top u-form-group wpcf7-form-control-wrap-6\">\n                        <label for=\"select-4374\" class=\"u-label\">Ich akzeptiere die Datenschutzbestimmungen<\/label>\n                        <div class=\"u-form-select-wrapper\">\n                          <select id=\"select-4374\" name=\"select\" class=\"u-grey-5 u-input wpcf7-form-control u-input-rectangle u-input-5\" style=\"background-image: url(&quot;data:image\/png;base64,iVBORw0KGgoAAAANSUhEUgAAABAAAAASCAYAAABSO15qAAAAAXNSR0IArs4c6QAAAPhJREFUOBHlU70KgzAQPlMhEvoQTg6OPoOjT+JWOnRqkUKHgqWP4OQbOPokTk6OTkVULNSLVc62oJmbIdzd95NcuGjX2\/3YVI\/Ts+t0WLE2ut5xsQ0O+90F6UxFjAI8qNcEGONia08e6MNONYwCS7EQAizLmtGUDEzTBNd1fxsYhjEBnHPQNG3KKTYV34F8ec\/zwHEciOMYyrIE3\/ehKAqIoggo9inGXKmFXwbyBkmSQJqmUNe15IRhCG3byphitm1\/eUzDM4qR0TTNjEixGdAnSi3keS5vSk2UDKqqgizLqB4YzvassiKhGtZ\/jDMtLOnHz7TE+yf8BaDZXA509yeBAAAAAElFTkSuQmCC&quot;);\">\n                            <option value=\"Select\" data-calc=\"Select\">- bitte ausw\u00e4hlen -<\/option>\n                            <option value=\"JA\" data-calc=\"JA\">JA<\/option>\n                            <option value=\"NEIN\" data-calc=\"NEIN\">NEIN<\/option>\n                          <\/select>\n                          <svg class=\"u-caret u-caret-svg\" version=\"1.1\" id=\"Layer_1\" xmlns=\"http:\/\/www.w3.org\/2000\/svg\" xmlns:xlink=\"http:\/\/www.w3.org\/1999\/xlink\" x=\"0px\" y=\"0px\" width=\"16px\" height=\"16px\" viewBox=\"0 0 16 16\" style=\"fill:currentColor;\" xml:space=\"preserve\"><polygon class=\"st0\" points=\"8,12 2,4 14,4 \"><\/polygon><\/svg>\n                        <\/div>\n                      <\/div>\n                      <div class=\"u-align-left u-form-group wpcf7-form-control-wrap u-form-submit wpcf7-form-control u-label-top\">\n                        <a href=\"#\" class=\"u-border-none u-btn u-btn-submit wpcf7-submit u-button-style u-palette-2-base u-btn-2\" data-dependency=\"[{&quot;action&quot;:&quot;show&quot;,&quot;field&quot;:&quot;select&quot;,&quot;condition&quot;:&quot;equal&quot;,&quot;value&quot;:&quot;JA&quot;}]\">Absenden<\/a>\n                        <input type=\"submit\" value=\"submit\" class=\"u-form-control-hidden\">\n                      <\/div>\n                      <div class=\"u-form-send-message u-form-send-success\"> Thank you! Your message has been sent. <\/div>\n                      <div class=\"u-form-send-error u-form-send-message\"> Unable to send your message. Please fix errors then try again. <\/div>\n                      <input type=\"hidden\" value=\"\" name=\"recaptchaResponse\">\n                    <input type=\"hidden\" name=\"_contact7_backend\" value=\"1\"><div class=\"wpcf7-response-output\" aria-hidden=\"true\"><\/div>\n<\/form>\n<\/div>\n\n                  <\/div>\n                <\/div>\n              <\/div>\n              <div class=\"u-container-style u-grey-5 u-layout-cell u-size-30 u-layout-cell-2\">\n                <div class=\"u-container-layout u-container-layout-2\">\n                  <div class=\"u-accordion u-expanded-width u-faq u-spacing-20 u-accordion-1\">\n                    <div class=\"u-accordion-item\">\n                      <a class=\"active u-accordion-link u-active-white u-button-style u-text-active-palette-2-base u-text-body-color u-white u-accordion-link-1\" id=\"link-\" aria-controls=\"\" aria-selected=\"true\">\n                        <span class=\"u-accordion-link-text\">Informationen<\/span><span class=\"u-accordion-link-icon u-file-icon u-icon u-icon-1\"><img decoding=\"async\" src=\"https:\/\/www.ra-nortmann.de\/wp-content\/uploads\/2022\/11\/254434.png\" alt=\"\"><\/span>\n                      <\/a>\n                      <div class=\"u-accordion-active u-accordion-pane u-container-style u-accordion-pane-1\" aria-labelledby=\"link-\">\n                        <div class=\"u-container-layout u-container-layout-3\">\n                          <div class=\"fr-view u-clearfix u-rich-text u-text\">\n                            <p id=\"isPasted\">\n                              <span class=\"u-custom-font u-font-oswald\" style=\"font-size: 1.125rem; font-weight: 300;\">\n                                <span style=\"letter-spacing: 1px;\">Wenn<\/span>&nbsp;\n                              <\/span>\n                              <span class=\"u-custom-font u-font-oswald\" style=\"font-weight: 300; font-size: 1.125rem; letter-spacing: 1px;\">Sie rechtlichen Beistand ben\u00f6tigen oder ein Beratungsgespr\u00e4ch bez\u00fcglich Ihrer gesetzlichen Rechte w\u00fcnschen, berate ich Sie sehr gerne in meiner Kanzlei.<\/span>\n                            <\/p>\n                            <p>\n                              <span class=\"u-custom-font u-font-oswald\" style=\"font-weight: 300; font-size: 1.125rem; letter-spacing: 1px;\">Meine Aufgabe ist es, Ihnen zu Ihrem guten Recht zu verhelfen und dies, wenn n\u00f6tig, vor Gericht durchzusetzen. Vom ersten Informationsgespr\u00e4ch in meiner Kanzlei&nbsp;\u00fcber Ihre au\u00dfergerichtliche Interessenvertretung bis hin zu gerichtlichen Verfahren werde ich f\u00fcr Sie da sein.&nbsp;Ich stehe Ihnen kompetent und pers\u00f6nlich zur Seite.<\/span>\n                            <\/p>\n                            <p>\n                              <span class=\"u-custom-font u-font-oswald\" style=\"font-weight: 300; font-size: 1.125rem; letter-spacing: 1px;\">Rufen Sie mich gerne an oder schreiben Sie mir eine Nachricht \u00fcber das Kontaktformular. Ich freue mich auf Ihre Kontaktaufnahme!<\/span>\n                            <\/p>\n                          <\/div>\n                        <\/div>\n                      <\/div>\n                    <\/div>\n                    <div class=\"u-accordion-item\">\n                      <a class=\"u-accordion-link u-active-white u-button-style u-text-active-palette-2-base u-text-body-color u-white u-accordion-link-2\" id=\"link-\" aria-controls=\"\" aria-selected=\"false\">\n                        <span class=\"u-accordion-link-text\">Kontaktdaten<\/span><span class=\"u-accordion-link-icon u-file-icon u-icon u-icon-2\"><img decoding=\"async\" src=\"https:\/\/www.ra-nortmann.de\/wp-content\/uploads\/2022\/11\/254434.png\" alt=\"\"><\/span>\n                      <\/a>\n                      <div class=\"u-accordion-pane u-container-style u-accordion-pane-2\" aria-labelledby=\"link-\">\n                        <div class=\"u-container-layout u-container-layout-4\">\n                          <div class=\"fr-view u-clearfix u-rich-text u-text\">\n                            <p id=\"isPasted\">\n                              <span class=\"u-custom-font u-font-oswald\" style=\"font-weight: 300; letter-spacing: 1px; font-size: 1.125rem;\">Rechtsanw\u00e4ltin Ulrike Nortmann<\/span>\n                            <\/p>\n                            <p>\n                              <span class=\"u-custom-font u-font-oswald\" style=\"font-weight: 300; letter-spacing: 1px; font-size: 1.125rem;\">Fachanw\u00e4ltin f\u00fcr Familienrecht<\/span>\n                            <\/p>\n                            <p id=\"isPasted\">\n                              <span class=\"u-custom-font u-font-oswald\" style=\"font-weight: 300; letter-spacing: 1px; font-size: 1.125rem;\">Telefon:&nbsp;05951-4523<\/span>\n                            <\/p>\n                            <p>\n                              <span class=\"u-custom-font u-font-oswald\" style=\"font-weight: 300; letter-spacing: 1px; font-size: 1.125rem;\">Fax:&nbsp;05951-3767<\/span>\n                            <\/p>\n                            <p>\n                              <span class=\"u-custom-font u-font-oswald\" style=\"font-weight: 300; letter-spacing: 1px; font-size: 1.125rem;\">E-Mail: ra-ulrike-nortmann@t-online.de<\/span>\n                            <\/p>\n                          <\/div>\n                        <\/div>\n                      <\/div>\n                    <\/div>\n                    <div class=\"u-accordion-item\">\n                      <a class=\"u-accordion-link u-active-white u-button-style u-text-active-palette-2-base u-text-body-color u-white u-accordion-link-3\" id=\"link-\" aria-controls=\"\" aria-selected=\"false\">\n                        <span class=\"u-accordion-link-text\">Adresse<\/span><span class=\"u-accordion-link-icon u-file-icon u-icon u-icon-3\"><img decoding=\"async\" src=\"https:\/\/www.ra-nortmann.de\/wp-content\/uploads\/2022\/11\/254434.png\" alt=\"\"><\/span>\n                      <\/a>\n                      <div class=\"u-accordion-pane u-container-style u-accordion-pane-3\" aria-labelledby=\"link-\">\n                        <div class=\"u-container-layout u-container-layout-5\">\n                          <div class=\"fr-view u-clearfix u-rich-text u-text\">\n                            <p id=\"isPasted\">\n                              <span class=\"u-custom-font u-font-oswald\" style=\"font-weight: 300; letter-spacing: 1px; font-size: 1.125rem;\">Rechtsanw\u00e4ltin Ulrike Nortmann<\/span>\n                            <\/p>\n                            <p>\n                              <span class=\"u-custom-font u-font-oswald\" style=\"font-weight: 300; letter-spacing: 1px; font-size: 1.125rem;\">Fachanw\u00e4ltin f\u00fcr Familienrecht<\/span>\n                            <\/p>\n                            <p id=\"isPasted\">\n                              <span class=\"u-custom-font u-font-oswald\" style=\"font-weight: 300; letter-spacing: 1px; font-size: 1.125rem;\">Schwalbenweg 19&nbsp;<\/span>\n                            <\/p>\n                            <p>\n                              <span class=\"u-custom-font u-font-oswald\" style=\"font-weight: 300; letter-spacing: 1px; font-size: 1.125rem;\">49757 Werlte<\/span>\n                            <\/p>\n                          <\/div>\n                        <\/div>\n                      <\/div>\n                    <\/div>\n                  <\/div>\n                <\/div>\n              <\/div>\n            <\/div>\n          <\/div>\n        <\/div>\n      <\/div>\n    <\/section>\n    \n    \n    \n  \n","protected":false},"excerpt":{"rendered":"<p>Rechtsanw\u00e4ltin Ulrike Nortmann Fachanw\u00e4ltin f\u00fcr Familienrecht Rechtsgebiete Kontaktaufnahme Rechtsanw\u00e4ltin Ulrike Nortmann Herzlich Willkommen Herzlich willkommen bei Ihrer Rechtsanw\u00e4ltin Ulrike Nortmann in Werlte. Ich freue mich, dass Sie auf mich aufmerksam geworden sind.Ich habe es mir zur Aufgabe gemacht, Ihnen zu Ihrem guten Recht zu verhelfen. Vom ersten Informationsgespr\u00e4ch, \u00fcber Ihre au\u00dfergerichtliche Interessenvertretung bis hin zu &hellip; <a href=\"https:\/\/www.ra-nortmann.de\/\" class=\"more-link\">Continue reading<span class=\"screen-reader-text\"> &#8222;Startseite&#8220;<\/span><\/a><\/p>\n","protected":false},"author":1,"featured_media":0,"parent":0,"menu_order":4,"comment_status":"closed","ping_status":"closed","template":"","meta":{"footnotes":""},"class_list":["post-31","page","type-page","status-publish","hentry"],"_links":{"self":[{"href":"https:\/\/www.ra-nortmann.de\/index.php?rest_route=\/wp\/v2\/pages\/31","targetHints":{"allow":["GET"]}}],"collection":[{"href":"https:\/\/www.ra-nortmann.de\/index.php?rest_route=\/wp\/v2\/pages"}],"about":[{"href":"https:\/\/www.ra-nortmann.de\/index.php?rest_route=\/wp\/v2\/types\/page"}],"author":[{"embeddable":true,"href":"https:\/\/www.ra-nortmann.de\/index.php?rest_route=\/wp\/v2\/users\/1"}],"replies":[{"embeddable":true,"href":"https:\/\/www.ra-nortmann.de\/index.php?rest_route=%2Fwp%2Fv2%2Fcomments&post=31"}],"version-history":[{"count":9,"href":"https:\/\/www.ra-nortmann.de\/index.php?rest_route=\/wp\/v2\/pages\/31\/revisions"}],"predecessor-version":[{"id":58,"href":"https:\/\/www.ra-nortmann.de\/index.php?rest_route=\/wp\/v2\/pages\/31\/revisions\/58"}],"wp:attachment":[{"href":"https:\/\/www.ra-nortmann.de\/index.php?rest_route=%2Fwp%2Fv2%2Fmedia&parent=31"}],"curies":[{"name":"wp","href":"https:\/\/api.w.org\/{rel}","templated":true}]}}