{"id":29,"date":"2022-11-24T14:45:58","date_gmt":"2022-11-24T14:45:58","guid":{"rendered":"https:\/\/www.ra-nortmann.de\/?page_id=29"},"modified":"2022-11-24T14:46:01","modified_gmt":"2022-11-24T14:46:01","slug":"impressum","status":"publish","type":"page","link":"https:\/\/www.ra-nortmann.de\/?page_id=29","title":{"rendered":"Impressum"},"content":{"rendered":"\n   \n    <section class=\"u-align-center u-clearfix u-section-1\" id=\"carousel_91c7\">\n      <div class=\"u-align-left u-clearfix u-sheet u-sheet-1\">\n        <h1 class=\"u-text u-text-1\">Impressum<\/h1>\n        <p class=\"u-text u-text-2\"> Rechtsanw\u00e4ltin Ulrike Nortmann <br>Fachanw\u00e4ltin f\u00fcr Familienrecht <br>\n          <br>\n          <br>Adresse: <br>Schwalbenweg 19 <br>49757 Werlte <br>\n          <br>Telefon: 05951-4523 <br>Fax: 05951-3767 <br>E-Mail: ra-ulrike-nortmann@t-online.de <br>\n          <br>\n          <br>Verantwortlich f\u00fcr den Inhalt nach \u00a7 55 Abs. 2 RStV: <br>\n          <br>Rechtsanw\u00e4ltin Ulrike Nortmann <br>Schwalbenweg 19 <br>49757 Werlte <br>\n          <br>Steuer Id.Nr.: DE 95 584 372 101 <br>\n          <br>\n          <br>Angaben der gesetzlichen Berufsbezeichnung und des Staates, in dem diese verliehen wurde sowie zur Kammer, welcher die Diensteanbieterin angeh\u00f6rt: <br>\n          <br>\n          <br>Rechtsanw\u00e4ltin, verliehen in der Bundesrepublik Deutschland. <br>\n          <br>\n          <br>Die Rechtsanw\u00e4ltin Ulrike Nortmann ist in der Bundesrepublik Deutschland als Rechtsanw\u00e4ltin zugelassen und Mitglied der Rechtsanwaltskammer Oldenburg. Diese ist die zust\u00e4ndige Aufsichtsbeh\u00f6rde. <br>\n          <br>\n          <br>Rechtsanwaltskammer f\u00fcr den Oberlandesgerichtsbezirk Oldenburg <br>\n          <br>Staugraben 526122 Oldenburg <br>\n          <br>Telefon: 0441\/925430 <br>\n          <br>Telefax: 0441\/9254329 <br>\n          <br>Email: info@rak-oldenburg.de <br>\n          <br>\n          <br>\n          <br>\n          <br>Bezeichnung der berufsrechtlichen Regelungen und Angaben dazu, wie diese zug\u00e4nglich sind: <br>\n          <br>\n          <br>Eine \u00dcbersicht \u00fcber die entsprechenden berufsrechtlichen Vorschriften f\u00fcr Rechtsanw\u00e4lte finden Sie auf den Internet-Seiten der Bundesrechtsanwaltskammer unter www.brak.de\/fuer-anwaelte\/berufsrecht\/Bundesrechts... (BRAO)Berufsordnung f\u00fcr Rechtsanw\u00e4lte (BORA)Fachanwaltsordnung (FAO)Gesetz \u00fcber die T\u00e4tigkeit europ\u00e4ischer Rechtsanw\u00e4lte in Deutschland (EuRAG)Gesetz \u00fcber die Verg\u00fctung der Rechtsanw\u00e4ltinnen und Rechtsanw\u00e4lte (RVG)Berufsregeln der Rechtsanw\u00e4lte der Europ\u00e4ischen Gemeinschaft (CCBE-Berufsregeln)Berufsrechtliche Erg\u00e4nzungen zum Geldw\u00e4schebek\u00e4mpfungsgesetz (GwG)Code of Conduct or european Lawyers (Code of Conduct) <br>\n          <br>\n          <br>Angaben zur Berufshaftpflichtversicherung: <br>\n          <br>\n          <br>Rechtsanw\u00e4ltinnen und Rechtsanw\u00e4lte in der Bundesrepublik Deutschland sind aufgrund der Regelungen der Bundesrechtsanwaltsordnung verpflichtet, eine Berufshaftpflichtversicherung mit einer Mindestversicherungssumme von 250.000,00 \u20ac zu unterhalten. Die Einzelheiten ergeben sich aus \u00a7 51 BRAO. Entsprechende, die Mindestdeckungssumme \u00fcberschreitende Berufshaftpflichtversicherung besteht bei der R + V Allgemeine Versicherung AG, Raiffeisenplatz 1, 65189 Wiesbaden, Telefon 0800\/5331116, Telefax 0611\/533778672. R\u00e4umlicher Geltungsbereich: Versichert ist die Beratung im europ\u00e4ischen Recht und vor europ\u00e4ischen Gerichten (Europa geographisch, nicht EU bzw. EWR). Nicht versichert ist die Unterhaltung von B\u00fcros oder Niederlassungen im Ausland. Die konkrete Bezeichnung der Police nenne ich Ihnen gerne in einem pers\u00f6nlichen Gespr\u00e4ch. <br>Kommt es mandatsbedingt zu Streitigkeiten zwischen Anwalt und Mandant, besteht die M\u00f6glichkeit der Anrufung der Schlichtungsstelle der \u00f6rtlichen Anwaltskammer, hier die Rechtsanwaltskammer Oldenburg, Staugraben 5, 26122 Oldenburg, oder die Schlichtungsstelle der Rechtsanwaltschaft bei der Bundesrechtsanwaltskammer, Littenstra\u00dfe 9, 10179 Berlin.<br>\n          <br>\n          <br>Quellenangaben f\u00fcr die verwendeten Bilder und Grafiken:<br>\n          <br>\n          <br>Die Europ\u00e4ische Kommission stellt eine Plattform zur Online-Streitbeilegung (OS) bereit:&nbsp;<a href=\"https:\/\/ec.europa.eu\/consumers\/odr\" target=\"_blank\" rel=\"noopener\" class=\"u-active-none u-border-none u-btn u-button-style u-hover-none u-none u-text-palette-1-base u-btn-1\">https:\/\/ec.europa.eu\/consumers\/odr<\/a>\n          <br>Unsere E-Mail-Adresse finden Sie oben im Impressum.Wir sind nicht bereit oder verpflichtet, an Streitbeilegungsverfahren vor einer Verbraucherschlichtungsstelle teilzunehmen.Haftung f\u00fcr InhalteAls Diensteanbieter sind wir gem\u00e4\u00df \u00a7 7 Abs.1 TMG f\u00fcr eigene Inhalte auf diesen Seiten nach den allgemeinen Gesetzen verantwortlich. Nach \u00a7\u00a7 8 bis 10 TMG sind wir als Diensteanbieter jedoch nicht verpflichtet, \u00fcbermittelte oder gespeicherte fremde Informationen zu \u00fcberwachen oder nach Umst\u00e4nden zu forschen, die auf eine rechtswidrige T\u00e4tigkeit hinweisen.Verpflichtungen zur Entfernung oder Sperrung der Nutzung von Informationen nach den allgemeinen Gesetzen bleiben hiervon unber\u00fchrt. Eine diesbez\u00fcgliche Haftung ist jedoch erst ab dem Zeitpunkt der Kenntnis einer konkreten Rechtsverletzung m\u00f6glich. Bei Bekanntwerden von entsprechenden Rechtsverletzungen werden wir diese Inhalte umgehend entfernen.Haftung f\u00fcr LinksUnser Angebot enth\u00e4lt Links zu externen Websites Dritter, auf deren Inhalte wir keinen Einfluss haben. Deshalb k\u00f6nnen wir f\u00fcr diese fremden Inhalte auch keine Gew\u00e4hr \u00fcbernehmen. F\u00fcr die Inhalte der verlinkten Seiten ist stets der jeweilige Anbieter oder Betreiber der Seiten verantwortlich. Die verlinkten Seiten wurden zum Zeitpunkt der Verlinkung auf m\u00f6gliche Rechtsverst\u00f6\u00dfe \u00fcberpr\u00fcft. Rechtswidrige Inhalte waren zum Zeitpunkt der Verlinkung nicht erkennbar.Eine permanente inhaltliche Kontrolle der verlinkten Seiten ist jedoch ohne konkrete Anhaltspunkte einer Rechtsverletzung nicht zumutbar. Bei Bekanntwerden von Rechtsverletzungen werden wir derartige Links umgehend entfernen.UrheberrechtDie durch die Seitenbetreiber erstellten Inhalte und Werke auf diesen Seiten unterliegen dem deutschen Urheberrecht. Die Vervielf\u00e4ltigung, Bearbeitung, Verbreitung und jede Art der Verwertung au\u00dferhalb der Grenzen des Urheberrechtes bed\u00fcrfen der schriftlichen Zustimmung des jeweiligen Autors bzw. Erstellers. Downloads und Kopien dieser Seite sind nur f\u00fcr den privaten, nicht kommerziellen Gebrauch gestattet.Soweit die Inhalte auf dieser Seite nicht vom Betreiber erstellt wurden, werden die Urheberrechte Dritter beachtet. Insbesondere werden Inhalte Dritter als solche gekennzeichnet. Sollten Sie trotzdem auf eine Urheberrechtsverletzung aufmerksam werden, bitten wir um einen entsprechenden Hinweis. Bei Bekanntwerden von Rechtsverletzungen werden wir derartige Inhalte umgehend entfernen.<br>\n          <br>\n          <br>Quelle:&nbsp;<a href=\"https:\/\/www.erecht24.de\/impressum-generator.html\" class=\"u-active-none u-border-none u-btn u-button-style u-hover-none u-none u-text-palette-1-base u-btn-2\">https:\/\/www.e-recht24.de\/impressum-generator.html<\/a>\n        <\/p>\n      <\/div>\n    <\/section>\n    \n    \n    \n  \n","protected":false},"excerpt":{"rendered":"<p>Impressum Rechtsanw\u00e4ltin Ulrike Nortmann Fachanw\u00e4ltin f\u00fcr Familienrecht Adresse: Schwalbenweg 19 49757 Werlte Telefon: 05951-4523 Fax: 05951-3767 E-Mail: ra-ulrike-nortmann@t-online.de Verantwortlich f\u00fcr den Inhalt nach \u00a7 55 Abs. 2 RStV: Rechtsanw\u00e4ltin Ulrike Nortmann Schwalbenweg 19 49757 Werlte Steuer Id.Nr.: DE 95 584 372 101 Angaben der gesetzlichen Berufsbezeichnung und des Staates, in dem diese verliehen wurde sowie &hellip; <a href=\"https:\/\/www.ra-nortmann.de\/?page_id=29\" class=\"more-link\">Continue reading<span class=\"screen-reader-text\"> &#8222;Impressum&#8220;<\/span><\/a><\/p>\n","protected":false},"author":1,"featured_media":0,"parent":0,"menu_order":2,"comment_status":"closed","ping_status":"closed","template":"","meta":{"footnotes":""},"class_list":["post-29","page","type-page","status-publish","hentry"],"_links":{"self":[{"href":"https:\/\/www.ra-nortmann.de\/index.php?rest_route=\/wp\/v2\/pages\/29","targetHints":{"allow":["GET"]}}],"collection":[{"href":"https:\/\/www.ra-nortmann.de\/index.php?rest_route=\/wp\/v2\/pages"}],"about":[{"href":"https:\/\/www.ra-nortmann.de\/index.php?rest_route=\/wp\/v2\/types\/page"}],"author":[{"embeddable":true,"href":"https:\/\/www.ra-nortmann.de\/index.php?rest_route=\/wp\/v2\/users\/1"}],"replies":[{"embeddable":true,"href":"https:\/\/www.ra-nortmann.de\/index.php?rest_route=%2Fwp%2Fv2%2Fcomments&post=29"}],"version-history":[{"count":1,"href":"https:\/\/www.ra-nortmann.de\/index.php?rest_route=\/wp\/v2\/pages\/29\/revisions"}],"predecessor-version":[{"id":39,"href":"https:\/\/www.ra-nortmann.de\/index.php?rest_route=\/wp\/v2\/pages\/29\/revisions\/39"}],"wp:attachment":[{"href":"https:\/\/www.ra-nortmann.de\/index.php?rest_route=%2Fwp%2Fv2%2Fmedia&parent=29"}],"curies":[{"name":"wp","href":"https:\/\/api.w.org\/{rel}","templated":true}]}}